{"id":3,"date":"2024-07-27T19:46:51","date_gmt":"2024-07-27T19:46:51","guid":{"rendered":"http:\/\/scota5.sg-host.com\/?page_id=3"},"modified":"2025-12-26T19:46:36","modified_gmt":"2025-12-26T19:46:36","slug":"politica-de-privacidad","status":"publish","type":"page","link":"https:\/\/ptpanama.com\/en\/politica-de-privacidad\/","title":{"rendered":"Privacy Policy"},"content":{"rendered":"<div data-elementor-type=\"wp-page\" data-elementor-id=\"3\" class=\"elementor elementor-3\" data-elementor-post-type=\"page\">\n\t\t\t\t<div class=\"elementor-element elementor-element-19cf6d13 e-flex e-con-boxed e-con e-parent\" data-id=\"19cf6d13\" data-element_type=\"container\" data-e-type=\"container\" data-settings=\"{&quot;background_background&quot;:&quot;classic&quot;,&quot;jet_parallax_layout_list&quot;:[]}\">\n\t\t\t\t\t<div class=\"e-con-inner\">\n\t\t<div class=\"elementor-element elementor-element-07b66f5 e-con-full e-flex e-con e-child\" data-id=\"07b66f5\" data-element_type=\"container\" data-e-type=\"container\" data-settings=\"{&quot;jet_parallax_layout_list&quot;:[]}\">\n\t\t\t\t<div class=\"elementor-element elementor-element-f44c8c6 elementor-widget elementor-widget-heading\" data-id=\"f44c8c6\" data-element_type=\"widget\" data-e-type=\"widget\" data-widget_type=\"heading.default\">\n\t\t\t\t<div class=\"elementor-widget-container\">\n\t\t\t\t\t<h2 class=\"elementor-heading-title elementor-size-default\">Active Internet Privacy Policy<\/h2>\t\t\t\t<\/div>\n\t\t\t\t<\/div>\n\t\t\t\t<\/div>\n\t\t\t\t<div class=\"elementor-element elementor-element-37b0df2a elementor-widget elementor-widget-text-editor\" data-id=\"37b0df2a\" data-element_type=\"widget\" data-e-type=\"widget\" data-widget_type=\"text-editor.default\">\n\t\t\t\t<div class=\"elementor-widget-container\">\n\t\t\t\t\t\t\t\t\t<h2>Last updated: December 2, 2024<\/h2><p>At Internet Activo, we respect and protect the privacy of our users. This policy<br \/>Privacy Policy describes how we collect, use, store and share information<br \/>personal information provided by users of our website and services.<\/p><h3><strong>1. Information we collect<\/strong><\/h3><p>We collect different types of information to provide and improve our services,<br \/>including:<\/p><p><strong>1.1 Personal information provided by the user:<\/strong><\/p><p>\u25cf Full name<br \/>\u25cf Email address<br \/>\u25cf Phone number<\/p><p><strong>1.2 Information automatically collected:<\/strong><\/p><p>\u25cf IP address<br \/>\u25cf Browser type and settings<br \/>\u25cf Operating system<br \/>\u25cf Browsing history and activity on our website<\/p><p><strong>1.3 Cookies and similar technologies:<\/strong><\/p><p>We use cookies to improve the user experience.<br \/>user, personalize content and analyze site traffic.<\/p><h3>2. How we use your information<\/h3><p>We use the information collected to:<\/p><p>\u25cf Provide and maintain our services.<br \/>\u25cf Personalize the user experience.<br \/>\u25cf Send communications, including updates and promotions, if the user allows it.<br \/>\u25cf Comply with legal and regulatory obligations.<\/p><h3>3. Sharing information<\/h3><p>Internet Activo will not sell, rent or share your personal information with third parties,<br \/>except in the following circumstances:<\/p><p>\u25cf With service providers who help us operate our platform, under<br \/>strict confidentiality measures.<br \/>\u25cf When required by law or in response to a valid government request.<\/p><h3>4. Information security<\/h3><p>We implement administrative, technical and physical security measures to protect your<br \/>personal information against unauthorized access, misuse or disclosure.<\/p><h3>5. Your rights<\/h3><p>Under applicable data protection laws, you have the right to:<\/p><p>\u25cf Access personal information we have collected.<br \/>\u25cf Request the correction or deletion of your data.<br \/>\u25cf Withdraw your consent to the use of your personal data.<br \/>\u25cf File a complaint with the relevant regulatory authority.<\/p><p>To exercise these rights, please contact us using the contact details provided in<br \/>this policy.<\/p><h3>6. Use of cookies<\/h3><p>You can manage your cookie preferences from your browser settings or<br \/>through our cookie management tool on the website.<\/p><h3>7. Data retention<\/h3><p>We will retain your personal information for as long as necessary to comply with the<br \/>purposes described in this policy, unless a period of<br \/>longer retention.<\/p><h3>8. Changes to this privacy policy<\/h3><p>We reserve the right to update this privacy policy at any time.<br \/>We will notify users of any material changes by posting the updated version.<br \/>on our website.<\/p><h3>9. Contact<\/h3><p>If you have questions or concerns about this privacy policy, you may contact<br \/>us through:<\/p><p>\u25cf Email: seguridad@ptpanama.com <br \/>\u25cf Phone: +507 700-0555<br \/>\u25cf Address: Lassonde, 4th West Ave. and, C. G Sur, David<\/p><p>Thank you for your trust and commitment to Planet Telecom. Your privacy is our priority.<\/p><p><!-- \/wp:paragraph --><\/p>\t\t\t\t\t\t\t\t<\/div>\n\t\t\t\t<\/div>\n\t\t\t\t\t<\/div>\n\t\t\t\t<\/div>\n\t\t\t\t<\/div>","protected":false},"excerpt":{"rendered":"<p>Pol\u00edtica de Privacidad de Internet Activo \u00daltima actualizaci\u00f3n: 2 de Diciembre del 2024 En Internet Activo, respetamos y protegemos la privacidad de nuestros usuarios. Esta pol\u00edticade privacidad describe c\u00f3mo recopilamos, usamos, almacenamos y compartimos la informaci\u00f3npersonal proporcionada por los usuarios de nuestro sitio web y servicios. 1. Informaci\u00f3n que recopilamos Recopilamos diferentes tipos de informaci\u00f3n [&hellip;]<\/p>\n","protected":false},"author":39,"featured_media":0,"parent":0,"menu_order":0,"comment_status":"closed","ping_status":"open","template":"elementor_header_footer","meta":{"footnotes":""},"class_list":["post-3","page","type-page","status-publish","hentry"],"_links":{"self":[{"href":"https:\/\/ptpanama.com\/en\/wp-json\/wp\/v2\/pages\/3","targetHints":{"allow":["GET"]}}],"collection":[{"href":"https:\/\/ptpanama.com\/en\/wp-json\/wp\/v2\/pages"}],"about":[{"href":"https:\/\/ptpanama.com\/en\/wp-json\/wp\/v2\/types\/page"}],"author":[{"embeddable":true,"href":"https:\/\/ptpanama.com\/en\/wp-json\/wp\/v2\/users\/39"}],"replies":[{"embeddable":true,"href":"https:\/\/ptpanama.com\/en\/wp-json\/wp\/v2\/comments?post=3"}],"version-history":[{"count":24,"href":"https:\/\/ptpanama.com\/en\/wp-json\/wp\/v2\/pages\/3\/revisions"}],"predecessor-version":[{"id":2509,"href":"https:\/\/ptpanama.com\/en\/wp-json\/wp\/v2\/pages\/3\/revisions\/2509"}],"wp:attachment":[{"href":"https:\/\/ptpanama.com\/en\/wp-json\/wp\/v2\/media?parent=3"}],"curies":[{"name":"wp","href":"https:\/\/api.w.org\/{rel}","templated":true}]}}